{"id":5180,"date":"2019-11-18T18:07:40","date_gmt":"2019-11-18T17:07:40","guid":{"rendered":"https:\/\/hakaora.com\/?post_type=product&#038;p=5180"},"modified":"2019-11-18T18:07:41","modified_gmt":"2019-11-18T17:07:41","slug":"canne-sarbacane","status":"publish","type":"product","link":"https:\/\/hakaora.com\/en\/product\/canne-sarbacane\/","title":{"rendered":"Blowpipe Cane"},"content":{"rendered":"<p>Canne sarbacane. Les fl\u00e9chettes \u00e9taient log\u00e9es dans la ferrule.<\/p>","protected":false},"excerpt":{"rendered":"<p>C 3<\/p>","protected":false},"featured_media":5182,"template":"","meta":[],"product_brand":[],"product_cat":[49,74],"product_tag":[],"class_list":{"0":"post-5180","1":"product","2":"type-product","3":"status-publish","4":"has-post-thumbnail","6":"product_cat-autres-systemes","7":"product_cat-c-3-250-a-350-e","9":"first","10":"instock","11":"shipping-taxable","12":"purchasable","13":"product-type-simple"},"_links":{"self":[{"href":"https:\/\/hakaora.com\/en\/wp-json\/wp\/v2\/product\/5180","targetHints":{"allow":["GET"]}}],"collection":[{"href":"https:\/\/hakaora.com\/en\/wp-json\/wp\/v2\/product"}],"about":[{"href":"https:\/\/hakaora.com\/en\/wp-json\/wp\/v2\/types\/product"}],"version-history":[{"count":1,"href":"https:\/\/hakaora.com\/en\/wp-json\/wp\/v2\/product\/5180\/revisions"}],"predecessor-version":[{"id":5183,"href":"https:\/\/hakaora.com\/en\/wp-json\/wp\/v2\/product\/5180\/revisions\/5183"}],"wp:featuredmedia":[{"embeddable":true,"href":"https:\/\/hakaora.com\/en\/wp-json\/wp\/v2\/media\/5182"}],"wp:attachment":[{"href":"https:\/\/hakaora.com\/en\/wp-json\/wp\/v2\/media?parent=5180"}],"wp:term":[{"taxonomy":"product_brand","embeddable":true,"href":"https:\/\/hakaora.com\/en\/wp-json\/wp\/v2\/product_brand?post=5180"},{"taxonomy":"product_cat","embeddable":true,"href":"https:\/\/hakaora.com\/en\/wp-json\/wp\/v2\/product_cat?post=5180"},{"taxonomy":"product_tag","embeddable":true,"href":"https:\/\/hakaora.com\/en\/wp-json\/wp\/v2\/product_tag?post=5180"}],"curies":[{"name":"wp","href":"https:\/\/api.w.org\/{rel}","templated":true}]}}