{"id":546,"date":"2018-09-05T12:49:20","date_gmt":"2018-09-05T10:49:20","guid":{"rendered":"https:\/\/hakaora.com\/?post_type=product&#038;p=546"},"modified":"2019-03-13T10:27:44","modified_gmt":"2019-03-13T09:27:44","slug":"canne-de-turfiste","status":"publish","type":"product","link":"https:\/\/hakaora.com\/en\/product\/canne-de-turfiste\/","title":{"rendered":"Horse hoof cane"},"content":{"rendered":"<p>Cette canne est compos\u00e9e de rondelles de bois mont\u00e9es sur un tige de fer.<\/p>\n<p>Elle servait donc de canne de d\u00e9fense.<\/p>\n<p>Son pommeau en bois sculpt\u00e9 en forme de sabot de cheval laisse \u00e0 penser qu&rsquo;elle devait appartenir \u00e0 un amateur de courses de chevaux.<\/p>","protected":false},"excerpt":{"rendered":"<p>C 2<\/p>","protected":false},"featured_media":880,"template":"","meta":[],"product_brand":[],"product_cat":[73,39],"product_tag":[],"class_list":{"0":"post-546","1":"product","2":"type-product","3":"status-publish","4":"has-post-thumbnail","6":"product_cat-c-2-150-a-250-e","7":"product_cat-cannes-de-defense","9":"first","10":"instock","11":"shipping-taxable","12":"purchasable","13":"product-type-simple"},"_links":{"self":[{"href":"https:\/\/hakaora.com\/en\/wp-json\/wp\/v2\/product\/546","targetHints":{"allow":["GET"]}}],"collection":[{"href":"https:\/\/hakaora.com\/en\/wp-json\/wp\/v2\/product"}],"about":[{"href":"https:\/\/hakaora.com\/en\/wp-json\/wp\/v2\/types\/product"}],"version-history":[{"count":2,"href":"https:\/\/hakaora.com\/en\/wp-json\/wp\/v2\/product\/546\/revisions"}],"predecessor-version":[{"id":1715,"href":"https:\/\/hakaora.com\/en\/wp-json\/wp\/v2\/product\/546\/revisions\/1715"}],"wp:featuredmedia":[{"embeddable":true,"href":"https:\/\/hakaora.com\/en\/wp-json\/wp\/v2\/media\/880"}],"wp:attachment":[{"href":"https:\/\/hakaora.com\/en\/wp-json\/wp\/v2\/media?parent=546"}],"wp:term":[{"taxonomy":"product_brand","embeddable":true,"href":"https:\/\/hakaora.com\/en\/wp-json\/wp\/v2\/product_brand?post=546"},{"taxonomy":"product_cat","embeddable":true,"href":"https:\/\/hakaora.com\/en\/wp-json\/wp\/v2\/product_cat?post=546"},{"taxonomy":"product_tag","embeddable":true,"href":"https:\/\/hakaora.com\/en\/wp-json\/wp\/v2\/product_tag?post=546"}],"curies":[{"name":"wp","href":"https:\/\/api.w.org\/{rel}","templated":true}]}}