{"id":646,"date":"2018-09-06T19:01:52","date_gmt":"2018-09-06T17:01:52","guid":{"rendered":"https:\/\/hakaora.com\/?post_type=product&#038;p=646"},"modified":"2019-03-13T10:22:25","modified_gmt":"2019-03-13T09:22:25","slug":"canne-dent-de-phacochere","status":"publish","type":"product","link":"https:\/\/hakaora.com\/en\/product\/canne-dent-de-phacochere\/","title":{"rendered":"Hog tooth handle"},"content":{"rendered":"<p>Canne avec pommeau r\u00e9alis\u00e9 avec une d\u00e9fense de phacoch\u00e8re.<\/p>","protected":false},"excerpt":{"rendered":"<p>C 2<\/p>","protected":false},"featured_media":855,"template":"","meta":[],"product_brand":[],"product_cat":[48,73],"product_tag":[],"class_list":{"0":"post-646","1":"product","2":"type-product","3":"status-publish","4":"has-post-thumbnail","6":"product_cat-autres-pommeaux","7":"product_cat-c-2-150-a-250-e","9":"first","10":"instock","11":"shipping-taxable","12":"purchasable","13":"product-type-simple"},"_links":{"self":[{"href":"https:\/\/hakaora.com\/en\/wp-json\/wp\/v2\/product\/646","targetHints":{"allow":["GET"]}}],"collection":[{"href":"https:\/\/hakaora.com\/en\/wp-json\/wp\/v2\/product"}],"about":[{"href":"https:\/\/hakaora.com\/en\/wp-json\/wp\/v2\/types\/product"}],"version-history":[{"count":2,"href":"https:\/\/hakaora.com\/en\/wp-json\/wp\/v2\/product\/646\/revisions"}],"predecessor-version":[{"id":1692,"href":"https:\/\/hakaora.com\/en\/wp-json\/wp\/v2\/product\/646\/revisions\/1692"}],"wp:featuredmedia":[{"embeddable":true,"href":"https:\/\/hakaora.com\/en\/wp-json\/wp\/v2\/media\/855"}],"wp:attachment":[{"href":"https:\/\/hakaora.com\/en\/wp-json\/wp\/v2\/media?parent=646"}],"wp:term":[{"taxonomy":"product_brand","embeddable":true,"href":"https:\/\/hakaora.com\/en\/wp-json\/wp\/v2\/product_brand?post=646"},{"taxonomy":"product_cat","embeddable":true,"href":"https:\/\/hakaora.com\/en\/wp-json\/wp\/v2\/product_cat?post=646"},{"taxonomy":"product_tag","embeddable":true,"href":"https:\/\/hakaora.com\/en\/wp-json\/wp\/v2\/product_tag?post=646"}],"curies":[{"name":"wp","href":"https:\/\/api.w.org\/{rel}","templated":true}]}}