{"id":668,"date":"2018-09-06T19:11:02","date_gmt":"2018-09-06T17:11:02","guid":{"rendered":"https:\/\/hakaora.com\/?post_type=product&#038;p=668"},"modified":"2019-03-13T10:23:23","modified_gmt":"2019-03-13T09:23:23","slug":"canne-de-defense-pommeau-equerre","status":"publish","type":"product","link":"https:\/\/hakaora.com\/en\/product\/canne-de-defense-pommeau-equerre\/","title":{"rendered":"Square pommel defensive cane"},"content":{"rendered":"<p>Canne de d\u00e9fense compos\u00e9e de rondelles de cornes de couleurs vari\u00e9es.<\/p>","protected":false},"excerpt":{"rendered":"<p>C 2<\/p>","protected":false},"featured_media":851,"template":"","meta":[],"product_brand":[],"product_cat":[73,39],"product_tag":[],"class_list":{"0":"post-668","1":"product","2":"type-product","3":"status-publish","4":"has-post-thumbnail","6":"product_cat-c-2-150-a-250-e","7":"product_cat-cannes-de-defense","9":"first","10":"instock","11":"shipping-taxable","12":"purchasable","13":"product-type-simple"},"_links":{"self":[{"href":"https:\/\/hakaora.com\/en\/wp-json\/wp\/v2\/product\/668","targetHints":{"allow":["GET"]}}],"collection":[{"href":"https:\/\/hakaora.com\/en\/wp-json\/wp\/v2\/product"}],"about":[{"href":"https:\/\/hakaora.com\/en\/wp-json\/wp\/v2\/types\/product"}],"version-history":[{"count":2,"href":"https:\/\/hakaora.com\/en\/wp-json\/wp\/v2\/product\/668\/revisions"}],"predecessor-version":[{"id":1696,"href":"https:\/\/hakaora.com\/en\/wp-json\/wp\/v2\/product\/668\/revisions\/1696"}],"wp:featuredmedia":[{"embeddable":true,"href":"https:\/\/hakaora.com\/en\/wp-json\/wp\/v2\/media\/851"}],"wp:attachment":[{"href":"https:\/\/hakaora.com\/en\/wp-json\/wp\/v2\/media?parent=668"}],"wp:term":[{"taxonomy":"product_brand","embeddable":true,"href":"https:\/\/hakaora.com\/en\/wp-json\/wp\/v2\/product_brand?post=668"},{"taxonomy":"product_cat","embeddable":true,"href":"https:\/\/hakaora.com\/en\/wp-json\/wp\/v2\/product_cat?post=668"},{"taxonomy":"product_tag","embeddable":true,"href":"https:\/\/hakaora.com\/en\/wp-json\/wp\/v2\/product_tag?post=668"}],"curies":[{"name":"wp","href":"https:\/\/api.w.org\/{rel}","templated":true}]}}