{"id":680,"date":"2018-09-06T19:17:16","date_gmt":"2018-09-06T17:17:16","guid":{"rendered":"https:\/\/hakaora.com\/?post_type=product&#038;p=680"},"modified":"2019-03-13T10:23:48","modified_gmt":"2019-03-13T09:23:48","slug":"canne-toise","status":"publish","type":"product","link":"https:\/\/hakaora.com\/en\/product\/canne-toise\/","title":{"rendered":"measuring cane"},"content":{"rendered":"<p>Canne combinant un syst\u00e8me de mesure de bestiaux et un int\u00e9ressant pommeau sculpt\u00e9 \u00e0 partir de bois de cervid\u00e9.<\/p>","protected":false},"excerpt":{"rendered":"<p>C 3<\/p>","protected":false},"featured_media":848,"template":"","meta":[],"product_brand":[],"product_cat":[74,27,42],"product_tag":[],"class_list":{"0":"post-680","1":"product","2":"type-product","3":"status-publish","4":"has-post-thumbnail","6":"product_cat-c-3-250-a-350-e","7":"product_cat-cannes-animalieres","8":"product_cat-mesure","10":"first","11":"instock","12":"shipping-taxable","13":"purchasable","14":"product-type-simple"},"_links":{"self":[{"href":"https:\/\/hakaora.com\/en\/wp-json\/wp\/v2\/product\/680","targetHints":{"allow":["GET"]}}],"collection":[{"href":"https:\/\/hakaora.com\/en\/wp-json\/wp\/v2\/product"}],"about":[{"href":"https:\/\/hakaora.com\/en\/wp-json\/wp\/v2\/types\/product"}],"version-history":[{"count":2,"href":"https:\/\/hakaora.com\/en\/wp-json\/wp\/v2\/product\/680\/revisions"}],"predecessor-version":[{"id":1698,"href":"https:\/\/hakaora.com\/en\/wp-json\/wp\/v2\/product\/680\/revisions\/1698"}],"wp:featuredmedia":[{"embeddable":true,"href":"https:\/\/hakaora.com\/en\/wp-json\/wp\/v2\/media\/848"}],"wp:attachment":[{"href":"https:\/\/hakaora.com\/en\/wp-json\/wp\/v2\/media?parent=680"}],"wp:term":[{"taxonomy":"product_brand","embeddable":true,"href":"https:\/\/hakaora.com\/en\/wp-json\/wp\/v2\/product_brand?post=680"},{"taxonomy":"product_cat","embeddable":true,"href":"https:\/\/hakaora.com\/en\/wp-json\/wp\/v2\/product_cat?post=680"},{"taxonomy":"product_tag","embeddable":true,"href":"https:\/\/hakaora.com\/en\/wp-json\/wp\/v2\/product_tag?post=680"}],"curies":[{"name":"wp","href":"https:\/\/api.w.org\/{rel}","templated":true}]}}