{"id":688,"date":"2018-09-06T19:19:56","date_gmt":"2018-09-06T17:19:56","guid":{"rendered":"https:\/\/hakaora.com\/?post_type=product&#038;p=688"},"modified":"2019-03-13T10:24:00","modified_gmt":"2019-03-13T09:24:00","slug":"canne-de-defense-pommeau-equerre-2","status":"publish","type":"product","link":"https:\/\/hakaora.com\/en\/product\/canne-de-defense-pommeau-equerre-2\/","title":{"rendered":"Square pommel defensive cane"},"content":{"rendered":"<p>Cette canne est compos\u00e9e de rondelles de bois mont\u00e9es sur une tige de m\u00e9tal.<\/p>\n<p>Le fut est souple.<\/p>","protected":false},"excerpt":{"rendered":"<p>C 2<\/p>","protected":false},"featured_media":847,"template":"","meta":[],"product_brand":[],"product_cat":[73,39],"product_tag":[],"class_list":{"0":"post-688","1":"product","2":"type-product","3":"status-publish","4":"has-post-thumbnail","6":"product_cat-c-2-150-a-250-e","7":"product_cat-cannes-de-defense","9":"first","10":"instock","11":"shipping-taxable","12":"purchasable","13":"product-type-simple"},"_links":{"self":[{"href":"https:\/\/hakaora.com\/en\/wp-json\/wp\/v2\/product\/688","targetHints":{"allow":["GET"]}}],"collection":[{"href":"https:\/\/hakaora.com\/en\/wp-json\/wp\/v2\/product"}],"about":[{"href":"https:\/\/hakaora.com\/en\/wp-json\/wp\/v2\/types\/product"}],"version-history":[{"count":2,"href":"https:\/\/hakaora.com\/en\/wp-json\/wp\/v2\/product\/688\/revisions"}],"predecessor-version":[{"id":1699,"href":"https:\/\/hakaora.com\/en\/wp-json\/wp\/v2\/product\/688\/revisions\/1699"}],"wp:featuredmedia":[{"embeddable":true,"href":"https:\/\/hakaora.com\/en\/wp-json\/wp\/v2\/media\/847"}],"wp:attachment":[{"href":"https:\/\/hakaora.com\/en\/wp-json\/wp\/v2\/media?parent=688"}],"wp:term":[{"taxonomy":"product_brand","embeddable":true,"href":"https:\/\/hakaora.com\/en\/wp-json\/wp\/v2\/product_brand?post=688"},{"taxonomy":"product_cat","embeddable":true,"href":"https:\/\/hakaora.com\/en\/wp-json\/wp\/v2\/product_cat?post=688"},{"taxonomy":"product_tag","embeddable":true,"href":"https:\/\/hakaora.com\/en\/wp-json\/wp\/v2\/product_tag?post=688"}],"curies":[{"name":"wp","href":"https:\/\/api.w.org\/{rel}","templated":true}]}}