{"id":705,"date":"2018-09-06T19:28:47","date_gmt":"2018-09-06T17:28:47","guid":{"rendered":"https:\/\/hakaora.com\/?post_type=product&#038;p=705"},"modified":"2019-03-13T10:24:38","modified_gmt":"2019-03-13T09:24:38","slug":"canne-de-defense-5","status":"publish","type":"product","link":"https:\/\/hakaora.com\/en\/product\/canne-de-defense-5\/","title":{"rendered":"Defensive cane"},"content":{"rendered":"<p>Canne de d\u00e9fense pommeau en argent et fut compos\u00e9 de rondelles de cuir mont\u00e9es sur tige de m\u00e9tal.<\/p>\n<p>Le fut est souple<\/p>","protected":false},"excerpt":{"rendered":"<p>C 2<\/p>","protected":false},"featured_media":843,"template":"","meta":[],"product_brand":[],"product_cat":[73,39,43],"product_tag":[],"class_list":{"0":"post-705","1":"product","2":"type-product","3":"status-publish","4":"has-post-thumbnail","6":"product_cat-c-2-150-a-250-e","7":"product_cat-cannes-de-defense","8":"product_cat-pommeau-en-argent","10":"first","11":"instock","12":"shipping-taxable","13":"purchasable","14":"product-type-simple"},"_links":{"self":[{"href":"https:\/\/hakaora.com\/en\/wp-json\/wp\/v2\/product\/705","targetHints":{"allow":["GET"]}}],"collection":[{"href":"https:\/\/hakaora.com\/en\/wp-json\/wp\/v2\/product"}],"about":[{"href":"https:\/\/hakaora.com\/en\/wp-json\/wp\/v2\/types\/product"}],"version-history":[{"count":2,"href":"https:\/\/hakaora.com\/en\/wp-json\/wp\/v2\/product\/705\/revisions"}],"predecessor-version":[{"id":1656,"href":"https:\/\/hakaora.com\/en\/wp-json\/wp\/v2\/product\/705\/revisions\/1656"}],"wp:featuredmedia":[{"embeddable":true,"href":"https:\/\/hakaora.com\/en\/wp-json\/wp\/v2\/media\/843"}],"wp:attachment":[{"href":"https:\/\/hakaora.com\/en\/wp-json\/wp\/v2\/media?parent=705"}],"wp:term":[{"taxonomy":"product_brand","embeddable":true,"href":"https:\/\/hakaora.com\/en\/wp-json\/wp\/v2\/product_brand?post=705"},{"taxonomy":"product_cat","embeddable":true,"href":"https:\/\/hakaora.com\/en\/wp-json\/wp\/v2\/product_cat?post=705"},{"taxonomy":"product_tag","embeddable":true,"href":"https:\/\/hakaora.com\/en\/wp-json\/wp\/v2\/product_tag?post=705"}],"curies":[{"name":"wp","href":"https:\/\/api.w.org\/{rel}","templated":true}]}}