{"id":718,"date":"2018-09-06T19:35:48","date_gmt":"2018-09-06T17:35:48","guid":{"rendered":"https:\/\/hakaora.com\/?post_type=product&#038;p=718"},"modified":"2019-03-13T10:13:53","modified_gmt":"2019-03-13T09:13:53","slug":"canne-de-defense-patte-de-cheval","status":"publish","type":"product","link":"https:\/\/hakaora.com\/en\/product\/canne-de-defense-patte-de-cheval\/","title":{"rendered":"Horse hoof defensive cane"},"content":{"rendered":"<p>Canne avec pommeau en bronze en forme de patte de cheval.<\/p>\n<p>Le fut est compos\u00e9 de rondelles de cuir mont\u00e9es sur une tige de m\u00e9tal.<\/p>\n<p>Le fut est souple.<\/p>","protected":false},"excerpt":{"rendered":"<p>C 3<\/p>","protected":false},"featured_media":840,"template":"","meta":[],"product_brand":[],"product_cat":[74,39],"product_tag":[],"class_list":{"0":"post-718","1":"product","2":"type-product","3":"status-publish","4":"has-post-thumbnail","6":"product_cat-c-3-250-a-350-e","7":"product_cat-cannes-de-defense","9":"first","10":"instock","11":"shipping-taxable","12":"purchasable","13":"product-type-simple"},"_links":{"self":[{"href":"https:\/\/hakaora.com\/en\/wp-json\/wp\/v2\/product\/718","targetHints":{"allow":["GET"]}}],"collection":[{"href":"https:\/\/hakaora.com\/en\/wp-json\/wp\/v2\/product"}],"about":[{"href":"https:\/\/hakaora.com\/en\/wp-json\/wp\/v2\/types\/product"}],"version-history":[{"count":2,"href":"https:\/\/hakaora.com\/en\/wp-json\/wp\/v2\/product\/718\/revisions"}],"predecessor-version":[{"id":1658,"href":"https:\/\/hakaora.com\/en\/wp-json\/wp\/v2\/product\/718\/revisions\/1658"}],"wp:featuredmedia":[{"embeddable":true,"href":"https:\/\/hakaora.com\/en\/wp-json\/wp\/v2\/media\/840"}],"wp:attachment":[{"href":"https:\/\/hakaora.com\/en\/wp-json\/wp\/v2\/media?parent=718"}],"wp:term":[{"taxonomy":"product_brand","embeddable":true,"href":"https:\/\/hakaora.com\/en\/wp-json\/wp\/v2\/product_brand?post=718"},{"taxonomy":"product_cat","embeddable":true,"href":"https:\/\/hakaora.com\/en\/wp-json\/wp\/v2\/product_cat?post=718"},{"taxonomy":"product_tag","embeddable":true,"href":"https:\/\/hakaora.com\/en\/wp-json\/wp\/v2\/product_tag?post=718"}],"curies":[{"name":"wp","href":"https:\/\/api.w.org\/{rel}","templated":true}]}}