{"id":735,"date":"2018-09-10T17:12:08","date_gmt":"2018-09-10T15:12:08","guid":{"rendered":"https:\/\/hakaora.com\/?post_type=product&#038;p=735"},"modified":"2019-03-13T10:15:13","modified_gmt":"2019-03-13T09:15:13","slug":"canne-de-peintre","status":"publish","type":"product","link":"https:\/\/hakaora.com\/en\/product\/canne-de-peintre\/","title":{"rendered":"Painter cane"},"content":{"rendered":"<p>Large canne de peintre avec fut en bambou.<\/p>\n<p>Les pinceaux et la toile roul\u00e9e se logeaient dans le fut en d\u00e9vissant le pommeau.<\/p>\n<p>Malheureusement gripp\u00e9 lors de la prise de vue je n&rsquo;ai pas r\u00e9ussi \u00e0 le d\u00e9visser sans risque.<\/p>","protected":false},"excerpt":{"rendered":"<p>C 5<\/p>","protected":false},"featured_media":836,"template":"","meta":[],"product_brand":[],"product_cat":[49,76],"product_tag":[],"class_list":{"0":"post-735","1":"product","2":"type-product","3":"status-publish","4":"has-post-thumbnail","6":"product_cat-autres-systemes","7":"product_cat-c-5-plus-de-500-e","9":"first","10":"instock","11":"shipping-taxable","12":"purchasable","13":"product-type-simple"},"_links":{"self":[{"href":"https:\/\/hakaora.com\/en\/wp-json\/wp\/v2\/product\/735","targetHints":{"allow":["GET"]}}],"collection":[{"href":"https:\/\/hakaora.com\/en\/wp-json\/wp\/v2\/product"}],"about":[{"href":"https:\/\/hakaora.com\/en\/wp-json\/wp\/v2\/types\/product"}],"version-history":[{"count":2,"href":"https:\/\/hakaora.com\/en\/wp-json\/wp\/v2\/product\/735\/revisions"}],"predecessor-version":[{"id":1663,"href":"https:\/\/hakaora.com\/en\/wp-json\/wp\/v2\/product\/735\/revisions\/1663"}],"wp:featuredmedia":[{"embeddable":true,"href":"https:\/\/hakaora.com\/en\/wp-json\/wp\/v2\/media\/836"}],"wp:attachment":[{"href":"https:\/\/hakaora.com\/en\/wp-json\/wp\/v2\/media?parent=735"}],"wp:term":[{"taxonomy":"product_brand","embeddable":true,"href":"https:\/\/hakaora.com\/en\/wp-json\/wp\/v2\/product_brand?post=735"},{"taxonomy":"product_cat","embeddable":true,"href":"https:\/\/hakaora.com\/en\/wp-json\/wp\/v2\/product_cat?post=735"},{"taxonomy":"product_tag","embeddable":true,"href":"https:\/\/hakaora.com\/en\/wp-json\/wp\/v2\/product_tag?post=735"}],"curies":[{"name":"wp","href":"https:\/\/api.w.org\/{rel}","templated":true}]}}