{"id":739,"date":"2018-09-10T17:16:35","date_gmt":"2018-09-10T15:16:35","guid":{"rendered":"https:\/\/hakaora.com\/?post_type=product&#038;p=739"},"modified":"2019-03-13T10:15:25","modified_gmt":"2019-03-13T09:15:25","slug":"canne-pommeau-milord-en-or","status":"publish","type":"product","link":"https:\/\/hakaora.com\/en\/product\/canne-pommeau-milord-en-or\/","title":{"rendered":"Gold pommel cane"},"content":{"rendered":"<p>Canne d&rsquo;origine anglaise car le poin\u00e7on pour l&rsquo;or indique du 9 ct.<\/p>\n<p>Les poin\u00e7ons du fabricant sont \u00e9galement pr\u00e9sents.<\/p>","protected":false},"excerpt":{"rendered":"<p>C 4<\/p>","protected":false},"featured_media":835,"template":"","meta":[],"product_brand":[],"product_cat":[75,46],"product_tag":[],"class_list":{"0":"post-739","1":"product","2":"type-product","3":"status-publish","4":"has-post-thumbnail","6":"product_cat-c-4-350-a-500-e","7":"product_cat-pommeau-en-or","9":"first","10":"instock","11":"shipping-taxable","12":"purchasable","13":"product-type-simple"},"_links":{"self":[{"href":"https:\/\/hakaora.com\/en\/wp-json\/wp\/v2\/product\/739","targetHints":{"allow":["GET"]}}],"collection":[{"href":"https:\/\/hakaora.com\/en\/wp-json\/wp\/v2\/product"}],"about":[{"href":"https:\/\/hakaora.com\/en\/wp-json\/wp\/v2\/types\/product"}],"version-history":[{"count":2,"href":"https:\/\/hakaora.com\/en\/wp-json\/wp\/v2\/product\/739\/revisions"}],"predecessor-version":[{"id":1664,"href":"https:\/\/hakaora.com\/en\/wp-json\/wp\/v2\/product\/739\/revisions\/1664"}],"wp:featuredmedia":[{"embeddable":true,"href":"https:\/\/hakaora.com\/en\/wp-json\/wp\/v2\/media\/835"}],"wp:attachment":[{"href":"https:\/\/hakaora.com\/en\/wp-json\/wp\/v2\/media?parent=739"}],"wp:term":[{"taxonomy":"product_brand","embeddable":true,"href":"https:\/\/hakaora.com\/en\/wp-json\/wp\/v2\/product_brand?post=739"},{"taxonomy":"product_cat","embeddable":true,"href":"https:\/\/hakaora.com\/en\/wp-json\/wp\/v2\/product_cat?post=739"},{"taxonomy":"product_tag","embeddable":true,"href":"https:\/\/hakaora.com\/en\/wp-json\/wp\/v2\/product_tag?post=739"}],"curies":[{"name":"wp","href":"https:\/\/api.w.org\/{rel}","templated":true}]}}