{"id":769,"date":"2018-09-10T17:37:13","date_gmt":"2018-09-10T15:37:13","guid":{"rendered":"https:\/\/hakaora.com\/?post_type=product&#038;p=769"},"modified":"2019-03-13T10:16:53","modified_gmt":"2019-03-13T09:16:53","slug":"canne-vinaigrette","status":"publish","type":"product","link":"https:\/\/hakaora.com\/en\/product\/canne-vinaigrette\/","title":{"rendered":"vinaigrette cane"},"content":{"rendered":"<p>Canne dont le pommeau pouvait contenir des sels, permettant ainsi \u00e0 son propri\u00e9taire d&rsquo;\u00e9chapper aux mauvaises odeurs ambiantes.<\/p>\n<p>Le pommeau en argent est richement d\u00e9cor\u00e9 d&rsquo;une sc\u00e8ne XVIII eme.<\/p>","protected":false},"excerpt":{"rendered":"<p>C 5<\/p>","protected":false},"featured_media":828,"template":"","meta":[],"product_brand":[],"product_cat":[49,76,43],"product_tag":[],"class_list":{"0":"post-769","1":"product","2":"type-product","3":"status-publish","4":"has-post-thumbnail","6":"product_cat-autres-systemes","7":"product_cat-c-5-plus-de-500-e","8":"product_cat-pommeau-en-argent","10":"first","11":"instock","12":"shipping-taxable","13":"purchasable","14":"product-type-simple"},"_links":{"self":[{"href":"https:\/\/hakaora.com\/en\/wp-json\/wp\/v2\/product\/769","targetHints":{"allow":["GET"]}}],"collection":[{"href":"https:\/\/hakaora.com\/en\/wp-json\/wp\/v2\/product"}],"about":[{"href":"https:\/\/hakaora.com\/en\/wp-json\/wp\/v2\/types\/product"}],"version-history":[{"count":2,"href":"https:\/\/hakaora.com\/en\/wp-json\/wp\/v2\/product\/769\/revisions"}],"predecessor-version":[{"id":1669,"href":"https:\/\/hakaora.com\/en\/wp-json\/wp\/v2\/product\/769\/revisions\/1669"}],"wp:featuredmedia":[{"embeddable":true,"href":"https:\/\/hakaora.com\/en\/wp-json\/wp\/v2\/media\/828"}],"wp:attachment":[{"href":"https:\/\/hakaora.com\/en\/wp-json\/wp\/v2\/media?parent=769"}],"wp:term":[{"taxonomy":"product_brand","embeddable":true,"href":"https:\/\/hakaora.com\/en\/wp-json\/wp\/v2\/product_brand?post=769"},{"taxonomy":"product_cat","embeddable":true,"href":"https:\/\/hakaora.com\/en\/wp-json\/wp\/v2\/product_cat?post=769"},{"taxonomy":"product_tag","embeddable":true,"href":"https:\/\/hakaora.com\/en\/wp-json\/wp\/v2\/product_tag?post=769"}],"curies":[{"name":"wp","href":"https:\/\/api.w.org\/{rel}","templated":true}]}}