{"id":776,"date":"2018-09-10T17:40:52","date_gmt":"2018-09-10T15:40:52","guid":{"rendered":"https:\/\/hakaora.com\/?post_type=product&#038;p=776"},"modified":"2019-03-13T10:17:03","modified_gmt":"2019-03-13T09:17:03","slug":"massive-canne-de-marin","status":"publish","type":"product","link":"https:\/\/hakaora.com\/en\/product\/massive-canne-de-marin\/","title":{"rendered":"Massive canne de marin"},"content":{"rendered":"<p>Tr\u00e8s imposante cette canne de marin.<\/p>\n<p>Elle est r\u00e9alis\u00e9e en vert\u00e8bres de c\u00e9tac\u00e9s mont\u00e9es sur une tige de m\u00e9tal.<\/p>\n<p>La souplesse de son fut et son imposante ferrule plomb\u00e9e en faisait une arme redoutable.<\/p>\n<p>Ce mod\u00e8le est particuli\u00e8rement rare compte tenu de son aspect massif.<\/p>","protected":false},"excerpt":{"rendered":"<p>C 5<\/p>","protected":false},"featured_media":827,"template":"","meta":[],"product_brand":[],"product_cat":[76,39],"product_tag":[],"class_list":{"0":"post-776","1":"product","2":"type-product","3":"status-publish","4":"has-post-thumbnail","6":"product_cat-c-5-plus-de-500-e","7":"product_cat-cannes-de-defense","9":"first","10":"instock","11":"shipping-taxable","12":"purchasable","13":"product-type-simple"},"_links":{"self":[{"href":"https:\/\/hakaora.com\/en\/wp-json\/wp\/v2\/product\/776","targetHints":{"allow":["GET"]}}],"collection":[{"href":"https:\/\/hakaora.com\/en\/wp-json\/wp\/v2\/product"}],"about":[{"href":"https:\/\/hakaora.com\/en\/wp-json\/wp\/v2\/types\/product"}],"version-history":[{"count":3,"href":"https:\/\/hakaora.com\/en\/wp-json\/wp\/v2\/product\/776\/revisions"}],"predecessor-version":[{"id":1671,"href":"https:\/\/hakaora.com\/en\/wp-json\/wp\/v2\/product\/776\/revisions\/1671"}],"wp:featuredmedia":[{"embeddable":true,"href":"https:\/\/hakaora.com\/en\/wp-json\/wp\/v2\/media\/827"}],"wp:attachment":[{"href":"https:\/\/hakaora.com\/en\/wp-json\/wp\/v2\/media?parent=776"}],"wp:term":[{"taxonomy":"product_brand","embeddable":true,"href":"https:\/\/hakaora.com\/en\/wp-json\/wp\/v2\/product_brand?post=776"},{"taxonomy":"product_cat","embeddable":true,"href":"https:\/\/hakaora.com\/en\/wp-json\/wp\/v2\/product_cat?post=776"},{"taxonomy":"product_tag","embeddable":true,"href":"https:\/\/hakaora.com\/en\/wp-json\/wp\/v2\/product_tag?post=776"}],"curies":[{"name":"wp","href":"https:\/\/api.w.org\/{rel}","templated":true}]}}