{"id":7786,"date":"2020-03-10T15:42:25","date_gmt":"2020-03-10T14:42:25","guid":{"rendered":"https:\/\/hakaora.com\/?post_type=product&#038;p=7786"},"modified":"2020-03-31T16:59:44","modified_gmt":"2020-03-31T14:59:44","slug":"canne-art-populaire-6","status":"publish","type":"product","link":"https:\/\/hakaora.com\/en\/product\/canne-art-populaire-6\/","title":{"rendered":"Folk art cane"},"content":{"rendered":"<p>Canne en en une seule partie et en bois tr\u00e8s dur. Sans doute d&rsquo;origine Am\u00e9rindienne.<\/p>\n<p>De nombreuses gravures sur le fut.<\/p>\n<p>Ce type de canne pouvait \u00e9galement \u00eatre r\u00e9alis\u00e9 par des prisonniers de guerre ou des bagnards.<\/p>\n<p>Souvent la partie creuse de la canne comportait une partie mobile qui faisait du bruit et permettait ainsi d&rsquo;\u00e9loigner les serpents.<\/p>","protected":false},"excerpt":{"rendered":"<p>C 3<\/p>","protected":false},"featured_media":7787,"template":"","meta":[],"product_brand":[],"product_cat":[74,28],"product_tag":[],"class_list":{"0":"post-7786","1":"product","2":"type-product","3":"status-publish","4":"has-post-thumbnail","6":"product_cat-c-3-250-a-350-e","7":"product_cat-cannes-dart-populaire","9":"first","10":"instock","11":"shipping-taxable","12":"purchasable","13":"product-type-simple"},"_links":{"self":[{"href":"https:\/\/hakaora.com\/en\/wp-json\/wp\/v2\/product\/7786","targetHints":{"allow":["GET"]}}],"collection":[{"href":"https:\/\/hakaora.com\/en\/wp-json\/wp\/v2\/product"}],"about":[{"href":"https:\/\/hakaora.com\/en\/wp-json\/wp\/v2\/types\/product"}],"version-history":[{"count":1,"href":"https:\/\/hakaora.com\/en\/wp-json\/wp\/v2\/product\/7786\/revisions"}],"predecessor-version":[{"id":7788,"href":"https:\/\/hakaora.com\/en\/wp-json\/wp\/v2\/product\/7786\/revisions\/7788"}],"wp:featuredmedia":[{"embeddable":true,"href":"https:\/\/hakaora.com\/en\/wp-json\/wp\/v2\/media\/7787"}],"wp:attachment":[{"href":"https:\/\/hakaora.com\/en\/wp-json\/wp\/v2\/media?parent=7786"}],"wp:term":[{"taxonomy":"product_brand","embeddable":true,"href":"https:\/\/hakaora.com\/en\/wp-json\/wp\/v2\/product_brand?post=7786"},{"taxonomy":"product_cat","embeddable":true,"href":"https:\/\/hakaora.com\/en\/wp-json\/wp\/v2\/product_cat?post=7786"},{"taxonomy":"product_tag","embeddable":true,"href":"https:\/\/hakaora.com\/en\/wp-json\/wp\/v2\/product_tag?post=7786"}],"curies":[{"name":"wp","href":"https:\/\/api.w.org\/{rel}","templated":true}]}}