{"id":7892,"date":"2020-09-23T11:09:12","date_gmt":"2020-09-23T09:09:12","guid":{"rendered":"https:\/\/hakaora.com\/?post_type=product&#038;p=7892"},"modified":"2020-09-23T11:09:13","modified_gmt":"2020-09-23T09:09:13","slug":"canne-art-nouveau","status":"publish","type":"product","link":"https:\/\/hakaora.com\/en\/product\/canne-art-nouveau\/","title":{"rendered":"Canne Art Nouveau"},"content":{"rendered":"<p>Canne Art Nouveau<\/p>\n<p>El\u00e9gante avec son fut carr\u00e9 et son pommeau en argent decor\u00e9<\/p>","protected":false},"excerpt":{"rendered":"<p>C 3<\/p>","protected":false},"featured_media":7893,"template":"","meta":[],"product_brand":[],"product_cat":[74,43],"product_tag":[],"class_list":{"0":"post-7892","1":"product","2":"type-product","3":"status-publish","4":"has-post-thumbnail","6":"product_cat-c-3-250-a-350-e","7":"product_cat-pommeau-en-argent","9":"first","10":"instock","11":"shipping-taxable","12":"purchasable","13":"product-type-simple"},"_links":{"self":[{"href":"https:\/\/hakaora.com\/en\/wp-json\/wp\/v2\/product\/7892","targetHints":{"allow":["GET"]}}],"collection":[{"href":"https:\/\/hakaora.com\/en\/wp-json\/wp\/v2\/product"}],"about":[{"href":"https:\/\/hakaora.com\/en\/wp-json\/wp\/v2\/types\/product"}],"version-history":[{"count":1,"href":"https:\/\/hakaora.com\/en\/wp-json\/wp\/v2\/product\/7892\/revisions"}],"predecessor-version":[{"id":7894,"href":"https:\/\/hakaora.com\/en\/wp-json\/wp\/v2\/product\/7892\/revisions\/7894"}],"wp:featuredmedia":[{"embeddable":true,"href":"https:\/\/hakaora.com\/en\/wp-json\/wp\/v2\/media\/7893"}],"wp:attachment":[{"href":"https:\/\/hakaora.com\/en\/wp-json\/wp\/v2\/media?parent=7892"}],"wp:term":[{"taxonomy":"product_brand","embeddable":true,"href":"https:\/\/hakaora.com\/en\/wp-json\/wp\/v2\/product_brand?post=7892"},{"taxonomy":"product_cat","embeddable":true,"href":"https:\/\/hakaora.com\/en\/wp-json\/wp\/v2\/product_cat?post=7892"},{"taxonomy":"product_tag","embeddable":true,"href":"https:\/\/hakaora.com\/en\/wp-json\/wp\/v2\/product_tag?post=7892"}],"curies":[{"name":"wp","href":"https:\/\/api.w.org\/{rel}","templated":true}]}}