{"id":797,"date":"2018-09-10T17:55:51","date_gmt":"2018-09-10T15:55:51","guid":{"rendered":"https:\/\/hakaora.com\/?post_type=product&#038;p=797"},"modified":"2019-03-13T10:17:44","modified_gmt":"2019-03-13T09:17:44","slug":"canne-lord-nelson","status":"publish","type":"product","link":"https:\/\/hakaora.com\/en\/product\/canne-lord-nelson\/","title":{"rendered":"Lord Nelson commemorative cane"},"content":{"rendered":"<p>Canne comm\u00e9morative Lord Nelson (1758 &#8211; !805)<\/p>\n<p>Le ch\u00eane composant le fut et le cuivre du pommeau proviennent du \u00ab\u00a0Foudroyant\u00a0\u00bb, navire amiral de la flotte de Nelson.<\/p>\n<p>Le Foudroyant fut command\u00e9 en 1789, livr\u00e9 en 1798 et d\u00e9truit \u00e0 Blackpool en 1897.<\/p>","protected":false},"excerpt":{"rendered":"<p>C 3<\/p>","protected":false},"featured_media":822,"template":"","meta":[],"product_brand":[],"product_cat":[48,74],"product_tag":[],"class_list":{"0":"post-797","1":"product","2":"type-product","3":"status-publish","4":"has-post-thumbnail","6":"product_cat-autres-pommeaux","7":"product_cat-c-3-250-a-350-e","9":"first","10":"instock","11":"shipping-taxable","12":"purchasable","13":"product-type-simple"},"_links":{"self":[{"href":"https:\/\/hakaora.com\/en\/wp-json\/wp\/v2\/product\/797","targetHints":{"allow":["GET"]}}],"collection":[{"href":"https:\/\/hakaora.com\/en\/wp-json\/wp\/v2\/product"}],"about":[{"href":"https:\/\/hakaora.com\/en\/wp-json\/wp\/v2\/types\/product"}],"version-history":[{"count":2,"href":"https:\/\/hakaora.com\/en\/wp-json\/wp\/v2\/product\/797\/revisions"}],"predecessor-version":[{"id":1674,"href":"https:\/\/hakaora.com\/en\/wp-json\/wp\/v2\/product\/797\/revisions\/1674"}],"wp:featuredmedia":[{"embeddable":true,"href":"https:\/\/hakaora.com\/en\/wp-json\/wp\/v2\/media\/822"}],"wp:attachment":[{"href":"https:\/\/hakaora.com\/en\/wp-json\/wp\/v2\/media?parent=797"}],"wp:term":[{"taxonomy":"product_brand","embeddable":true,"href":"https:\/\/hakaora.com\/en\/wp-json\/wp\/v2\/product_brand?post=797"},{"taxonomy":"product_cat","embeddable":true,"href":"https:\/\/hakaora.com\/en\/wp-json\/wp\/v2\/product_cat?post=797"},{"taxonomy":"product_tag","embeddable":true,"href":"https:\/\/hakaora.com\/en\/wp-json\/wp\/v2\/product_tag?post=797"}],"curies":[{"name":"wp","href":"https:\/\/api.w.org\/{rel}","templated":true}]}}