{"id":7982,"date":"2021-06-16T15:59:10","date_gmt":"2021-06-16T13:59:10","guid":{"rendered":"https:\/\/hakaora.com\/?post_type=product&#038;p=7982"},"modified":"2021-06-16T16:01:46","modified_gmt":"2021-06-16T14:01:46","slug":"canne-queue-de-raie","status":"publish","type":"product","link":"https:\/\/hakaora.com\/en\/product\/canne-queue-de-raie\/","title":{"rendered":"Canne Queue de Raie"},"content":{"rendered":"<p>Canne \u00e0 pommeau de bois et fut compos\u00e9 d&rsquo;une queue de raie<\/p>\n<p>la queue est renforc\u00e9e par une tige de metal \u00e0 l&rsquo;int\u00e9rieur.<\/p>\n<p>On peut noter sur la photo de droite le dard de la raie<\/p>","protected":false},"excerpt":{"rendered":"<p>C 5<\/p>","protected":false},"featured_media":7983,"template":"","meta":[],"product_brand":[],"product_cat":[76,38,27,29],"product_tag":[],"class_list":{"0":"post-7982","1":"product","2":"type-product","3":"status-publish","4":"has-post-thumbnail","6":"product_cat-c-5-plus-de-500-e","7":"product_cat-cannes","8":"product_cat-cannes-animalieres","9":"product_cat-cannes-divers","11":"first","12":"instock","13":"shipping-taxable","14":"purchasable","15":"product-type-simple"},"_links":{"self":[{"href":"https:\/\/hakaora.com\/en\/wp-json\/wp\/v2\/product\/7982","targetHints":{"allow":["GET"]}}],"collection":[{"href":"https:\/\/hakaora.com\/en\/wp-json\/wp\/v2\/product"}],"about":[{"href":"https:\/\/hakaora.com\/en\/wp-json\/wp\/v2\/types\/product"}],"version-history":[{"count":2,"href":"https:\/\/hakaora.com\/en\/wp-json\/wp\/v2\/product\/7982\/revisions"}],"predecessor-version":[{"id":7985,"href":"https:\/\/hakaora.com\/en\/wp-json\/wp\/v2\/product\/7982\/revisions\/7985"}],"wp:featuredmedia":[{"embeddable":true,"href":"https:\/\/hakaora.com\/en\/wp-json\/wp\/v2\/media\/7983"}],"wp:attachment":[{"href":"https:\/\/hakaora.com\/en\/wp-json\/wp\/v2\/media?parent=7982"}],"wp:term":[{"taxonomy":"product_brand","embeddable":true,"href":"https:\/\/hakaora.com\/en\/wp-json\/wp\/v2\/product_brand?post=7982"},{"taxonomy":"product_cat","embeddable":true,"href":"https:\/\/hakaora.com\/en\/wp-json\/wp\/v2\/product_cat?post=7982"},{"taxonomy":"product_tag","embeddable":true,"href":"https:\/\/hakaora.com\/en\/wp-json\/wp\/v2\/product_tag?post=7982"}],"curies":[{"name":"wp","href":"https:\/\/api.w.org\/{rel}","templated":true}]}}