{"id":7986,"date":"2021-06-16T16:08:44","date_gmt":"2021-06-16T14:08:44","guid":{"rendered":"https:\/\/hakaora.com\/?post_type=product&#038;p=7986"},"modified":"2021-06-16T16:08:45","modified_gmt":"2021-06-16T14:08:45","slug":"canne-de-compagnon","status":"publish","type":"product","link":"https:\/\/hakaora.com\/en\/product\/canne-de-compagnon\/","title":{"rendered":"Canne de compagnon"},"content":{"rendered":"<p>Canne de Compagnon \u00e0 pommeau en corne.<\/p>\n<p>F\u00e9rule haute en laiton \u00e0 extr\u00e9mit\u00e9 en acier.<\/p>\n<p>Milieu du XIXe si\u00e8cle .<\/p>\n<p>Pastille sans doute rapport\u00e9e grav\u00e9e d&rsquo;un couteau \u00e0 pied, chiffr\u00e9e CDDDL<\/p>\n<p>&nbsp;<\/p>","protected":false},"excerpt":{"rendered":"<p>C 5<\/p>","protected":false},"featured_media":7987,"template":"","meta":[],"product_brand":[],"product_cat":[76,38,28,29],"product_tag":[],"class_list":{"0":"post-7986","1":"product","2":"type-product","3":"status-publish","4":"has-post-thumbnail","6":"product_cat-c-5-plus-de-500-e","7":"product_cat-cannes","8":"product_cat-cannes-dart-populaire","9":"product_cat-cannes-divers","11":"first","12":"instock","13":"shipping-taxable","14":"purchasable","15":"product-type-simple"},"_links":{"self":[{"href":"https:\/\/hakaora.com\/en\/wp-json\/wp\/v2\/product\/7986","targetHints":{"allow":["GET"]}}],"collection":[{"href":"https:\/\/hakaora.com\/en\/wp-json\/wp\/v2\/product"}],"about":[{"href":"https:\/\/hakaora.com\/en\/wp-json\/wp\/v2\/types\/product"}],"version-history":[{"count":1,"href":"https:\/\/hakaora.com\/en\/wp-json\/wp\/v2\/product\/7986\/revisions"}],"predecessor-version":[{"id":7988,"href":"https:\/\/hakaora.com\/en\/wp-json\/wp\/v2\/product\/7986\/revisions\/7988"}],"wp:featuredmedia":[{"embeddable":true,"href":"https:\/\/hakaora.com\/en\/wp-json\/wp\/v2\/media\/7987"}],"wp:attachment":[{"href":"https:\/\/hakaora.com\/en\/wp-json\/wp\/v2\/media?parent=7986"}],"wp:term":[{"taxonomy":"product_brand","embeddable":true,"href":"https:\/\/hakaora.com\/en\/wp-json\/wp\/v2\/product_brand?post=7986"},{"taxonomy":"product_cat","embeddable":true,"href":"https:\/\/hakaora.com\/en\/wp-json\/wp\/v2\/product_cat?post=7986"},{"taxonomy":"product_tag","embeddable":true,"href":"https:\/\/hakaora.com\/en\/wp-json\/wp\/v2\/product_tag?post=7986"}],"curies":[{"name":"wp","href":"https:\/\/api.w.org\/{rel}","templated":true}]}}