{"id":8016,"date":"2022-12-06T12:11:16","date_gmt":"2022-12-06T11:11:16","guid":{"rendered":"https:\/\/hakaora.com\/?post_type=product&#038;p=8016"},"modified":"2022-12-07T16:11:08","modified_gmt":"2022-12-07T15:11:08","slug":"canne-table","status":"publish","type":"product","link":"https:\/\/hakaora.com\/en\/product\/canne-table\/","title":{"rendered":"Canne table"},"content":{"rendered":"<p>Canne table \u00e0 pommeau en corne et fut en bois<\/p>\n<p>Cette canne \u00e9tait utilis\u00e9e lors de parties de cartes en ext\u00e9rieur<\/p>","protected":false},"excerpt":{"rendered":"<p>C 5<\/p>","protected":false},"featured_media":8017,"template":"","meta":[],"product_brand":[],"product_cat":[49,76,38,25],"product_tag":[],"class_list":{"0":"post-8016","1":"product","2":"type-product","3":"status-publish","4":"has-post-thumbnail","6":"product_cat-autres-systemes","7":"product_cat-c-5-plus-de-500-e","8":"product_cat-cannes","9":"product_cat-cannes-a-systeme","11":"first","12":"instock","13":"shipping-taxable","14":"purchasable","15":"product-type-simple"},"_links":{"self":[{"href":"https:\/\/hakaora.com\/en\/wp-json\/wp\/v2\/product\/8016","targetHints":{"allow":["GET"]}}],"collection":[{"href":"https:\/\/hakaora.com\/en\/wp-json\/wp\/v2\/product"}],"about":[{"href":"https:\/\/hakaora.com\/en\/wp-json\/wp\/v2\/types\/product"}],"version-history":[{"count":2,"href":"https:\/\/hakaora.com\/en\/wp-json\/wp\/v2\/product\/8016\/revisions"}],"predecessor-version":[{"id":8023,"href":"https:\/\/hakaora.com\/en\/wp-json\/wp\/v2\/product\/8016\/revisions\/8023"}],"wp:featuredmedia":[{"embeddable":true,"href":"https:\/\/hakaora.com\/en\/wp-json\/wp\/v2\/media\/8017"}],"wp:attachment":[{"href":"https:\/\/hakaora.com\/en\/wp-json\/wp\/v2\/media?parent=8016"}],"wp:term":[{"taxonomy":"product_brand","embeddable":true,"href":"https:\/\/hakaora.com\/en\/wp-json\/wp\/v2\/product_brand?post=8016"},{"taxonomy":"product_cat","embeddable":true,"href":"https:\/\/hakaora.com\/en\/wp-json\/wp\/v2\/product_cat?post=8016"},{"taxonomy":"product_tag","embeddable":true,"href":"https:\/\/hakaora.com\/en\/wp-json\/wp\/v2\/product_tag?post=8016"}],"curies":[{"name":"wp","href":"https:\/\/api.w.org\/{rel}","templated":true}]}}