{"id":8049,"date":"2022-12-14T12:33:24","date_gmt":"2022-12-14T11:33:24","guid":{"rendered":"https:\/\/hakaora.com\/?post_type=product&#038;p=8049"},"modified":"2022-12-14T12:33:24","modified_gmt":"2022-12-14T11:33:24","slug":"canne-preneuse-dubois","status":"publish","type":"product","link":"https:\/\/hakaora.com\/en\/product\/canne-preneuse-dubois\/","title":{"rendered":"Canne Preneuse-Dubois"},"content":{"rendered":"<p>Canne Preneuse-Dubois<\/p>\n<p>Canne permettant de prendre des objets \u00e0 distance<br \/>\nPorte l&rsquo;estampille du fabriquant: Syst\u00e8me brevet\u00e9 Preneuse Dubois,<br \/>\nbrevets fran\u00e7ais 1882 \u00e0 1886 et \u00e9tranger. Fin XIXe.<\/p>","protected":false},"excerpt":{"rendered":"<p>C 4<\/p>","protected":false},"featured_media":8050,"template":"","meta":[],"product_brand":[],"product_cat":[49,75,38,25],"product_tag":[],"class_list":{"0":"post-8049","1":"product","2":"type-product","3":"status-publish","4":"has-post-thumbnail","6":"product_cat-autres-systemes","7":"product_cat-c-4-350-a-500-e","8":"product_cat-cannes","9":"product_cat-cannes-a-systeme","11":"first","12":"instock","13":"shipping-taxable","14":"purchasable","15":"product-type-simple"},"_links":{"self":[{"href":"https:\/\/hakaora.com\/en\/wp-json\/wp\/v2\/product\/8049","targetHints":{"allow":["GET"]}}],"collection":[{"href":"https:\/\/hakaora.com\/en\/wp-json\/wp\/v2\/product"}],"about":[{"href":"https:\/\/hakaora.com\/en\/wp-json\/wp\/v2\/types\/product"}],"version-history":[{"count":1,"href":"https:\/\/hakaora.com\/en\/wp-json\/wp\/v2\/product\/8049\/revisions"}],"predecessor-version":[{"id":8051,"href":"https:\/\/hakaora.com\/en\/wp-json\/wp\/v2\/product\/8049\/revisions\/8051"}],"wp:featuredmedia":[{"embeddable":true,"href":"https:\/\/hakaora.com\/en\/wp-json\/wp\/v2\/media\/8050"}],"wp:attachment":[{"href":"https:\/\/hakaora.com\/en\/wp-json\/wp\/v2\/media?parent=8049"}],"wp:term":[{"taxonomy":"product_brand","embeddable":true,"href":"https:\/\/hakaora.com\/en\/wp-json\/wp\/v2\/product_brand?post=8049"},{"taxonomy":"product_cat","embeddable":true,"href":"https:\/\/hakaora.com\/en\/wp-json\/wp\/v2\/product_cat?post=8049"},{"taxonomy":"product_tag","embeddable":true,"href":"https:\/\/hakaora.com\/en\/wp-json\/wp\/v2\/product_tag?post=8049"}],"curies":[{"name":"wp","href":"https:\/\/api.w.org\/{rel}","templated":true}]}}