{"id":8337,"date":"2024-01-18T15:00:31","date_gmt":"2024-01-18T14:00:31","guid":{"rendered":"https:\/\/hakaora.com\/?post_type=product&#038;p=8337"},"modified":"2024-01-18T16:10:30","modified_gmt":"2024-01-18T15:10:30","slug":"canne-dartisanat-de-tranchee-3","status":"publish","type":"product","link":"https:\/\/hakaora.com\/en\/product\/canne-dartisanat-de-tranchee-3\/","title":{"rendered":"Canne d\u2019Artisanat de tranch\u00e9e"},"content":{"rendered":"<p>compos\u00e9e enti\u00e8rement en \u00e9tuis de balles ou d&rsquo;obus<\/p>","protected":false},"excerpt":{"rendered":"<p>C 3<\/p>","protected":false},"featured_media":8338,"template":"","meta":[],"product_brand":[],"product_cat":[49,74,25],"product_tag":[],"class_list":{"0":"post-8337","1":"product","2":"type-product","3":"status-publish","4":"has-post-thumbnail","6":"product_cat-autres-systemes","7":"product_cat-c-3-250-a-350-e","8":"product_cat-cannes-a-systeme","10":"first","11":"instock","12":"shipping-taxable","13":"purchasable","14":"product-type-simple"},"_links":{"self":[{"href":"https:\/\/hakaora.com\/en\/wp-json\/wp\/v2\/product\/8337","targetHints":{"allow":["GET"]}}],"collection":[{"href":"https:\/\/hakaora.com\/en\/wp-json\/wp\/v2\/product"}],"about":[{"href":"https:\/\/hakaora.com\/en\/wp-json\/wp\/v2\/types\/product"}],"version-history":[{"count":2,"href":"https:\/\/hakaora.com\/en\/wp-json\/wp\/v2\/product\/8337\/revisions"}],"predecessor-version":[{"id":8343,"href":"https:\/\/hakaora.com\/en\/wp-json\/wp\/v2\/product\/8337\/revisions\/8343"}],"wp:featuredmedia":[{"embeddable":true,"href":"https:\/\/hakaora.com\/en\/wp-json\/wp\/v2\/media\/8338"}],"wp:attachment":[{"href":"https:\/\/hakaora.com\/en\/wp-json\/wp\/v2\/media?parent=8337"}],"wp:term":[{"taxonomy":"product_brand","embeddable":true,"href":"https:\/\/hakaora.com\/en\/wp-json\/wp\/v2\/product_brand?post=8337"},{"taxonomy":"product_cat","embeddable":true,"href":"https:\/\/hakaora.com\/en\/wp-json\/wp\/v2\/product_cat?post=8337"},{"taxonomy":"product_tag","embeddable":true,"href":"https:\/\/hakaora.com\/en\/wp-json\/wp\/v2\/product_tag?post=8337"}],"curies":[{"name":"wp","href":"https:\/\/api.w.org\/{rel}","templated":true}]}}