{"id":8347,"date":"2024-01-18T16:30:26","date_gmt":"2024-01-18T15:30:26","guid":{"rendered":"https:\/\/hakaora.com\/?post_type=product&#038;p=8347"},"modified":"2024-01-18T16:33:40","modified_gmt":"2024-01-18T15:33:40","slug":"canne-fiole-et-godet-a-alcool","status":"publish","type":"product","link":"https:\/\/hakaora.com\/en\/product\/canne-fiole-et-godet-a-alcool\/","title":{"rendered":"Canne fiole et godet \u00e0 alcool"},"content":{"rendered":"<p>pommeau en m\u00e9tal argent\u00e9 <\/p>","protected":false},"excerpt":{"rendered":"<p>C 4<\/p>","protected":false},"featured_media":8348,"template":"","meta":[],"product_brand":[],"product_cat":[40,75],"product_tag":[],"class_list":{"0":"post-8347","1":"product","2":"type-product","3":"status-publish","4":"has-post-thumbnail","6":"product_cat-boire","7":"product_cat-c-4-350-a-500-e","9":"first","10":"instock","11":"shipping-taxable","12":"purchasable","13":"product-type-simple"},"_links":{"self":[{"href":"https:\/\/hakaora.com\/en\/wp-json\/wp\/v2\/product\/8347","targetHints":{"allow":["GET"]}}],"collection":[{"href":"https:\/\/hakaora.com\/en\/wp-json\/wp\/v2\/product"}],"about":[{"href":"https:\/\/hakaora.com\/en\/wp-json\/wp\/v2\/types\/product"}],"version-history":[{"count":1,"href":"https:\/\/hakaora.com\/en\/wp-json\/wp\/v2\/product\/8347\/revisions"}],"predecessor-version":[{"id":8349,"href":"https:\/\/hakaora.com\/en\/wp-json\/wp\/v2\/product\/8347\/revisions\/8349"}],"wp:featuredmedia":[{"embeddable":true,"href":"https:\/\/hakaora.com\/en\/wp-json\/wp\/v2\/media\/8348"}],"wp:attachment":[{"href":"https:\/\/hakaora.com\/en\/wp-json\/wp\/v2\/media?parent=8347"}],"wp:term":[{"taxonomy":"product_brand","embeddable":true,"href":"https:\/\/hakaora.com\/en\/wp-json\/wp\/v2\/product_brand?post=8347"},{"taxonomy":"product_cat","embeddable":true,"href":"https:\/\/hakaora.com\/en\/wp-json\/wp\/v2\/product_cat?post=8347"},{"taxonomy":"product_tag","embeddable":true,"href":"https:\/\/hakaora.com\/en\/wp-json\/wp\/v2\/product_tag?post=8347"}],"curies":[{"name":"wp","href":"https:\/\/api.w.org\/{rel}","templated":true}]}}