{"id":8350,"date":"2024-01-18T16:34:14","date_gmt":"2024-01-18T15:34:14","guid":{"rendered":"https:\/\/hakaora.com\/?post_type=product&#038;p=8350"},"modified":"2024-01-18T18:00:50","modified_gmt":"2024-01-18T17:00:50","slug":"canne-de-fumeur-porte-cigarettes-et-allumettes","status":"publish","type":"product","link":"https:\/\/hakaora.com\/en\/product\/canne-de-fumeur-porte-cigarettes-et-allumettes\/","title":{"rendered":"Canne de fumeur porte cigarettes et allumettes"},"content":{"rendered":"<p>En soulevant le couvercle sur le dessus du pommeau, on d\u00e9couvre un tube en laiton qui contient les cigarettes. Lorsque le tube est tir\u00e9 vers le haut, le porte-allumette est r\u00e9v\u00e9l\u00e9.<br \/>\nLe bord du tube, qui est dentel\u00e9, fait office de grattoir \u00e0 allumette.<br \/>\nLe poin\u00e7on sur le bouton indique la date de Londres 1889 avec la t\u00eate de la reine.<br \/>\nLa face int\u00e9rieure porte la mention \u00ab Brevet 2048 \u00bb, la marque Londres 1889 et la marque du fabricant JH pour Joseph Hemming, un orf\u00e8vre londonien de la fin du 19e si\u00e8cle.<br \/>\nLe c\u00f4t\u00e9 ext\u00e9rieur du couvercle porte l&rsquo;inscription W.B. de F.O.G. <\/p>","protected":false},"excerpt":{"rendered":"<p>C 5<\/p>","protected":false},"featured_media":8351,"template":"","meta":[],"product_brand":[],"product_cat":[40,76,43],"product_tag":[],"class_list":{"0":"post-8350","1":"product","2":"type-product","3":"status-publish","4":"has-post-thumbnail","6":"product_cat-boire","7":"product_cat-c-5-plus-de-500-e","8":"product_cat-pommeau-en-argent","10":"first","11":"instock","12":"shipping-taxable","13":"purchasable","14":"product-type-simple"},"_links":{"self":[{"href":"https:\/\/hakaora.com\/en\/wp-json\/wp\/v2\/product\/8350","targetHints":{"allow":["GET"]}}],"collection":[{"href":"https:\/\/hakaora.com\/en\/wp-json\/wp\/v2\/product"}],"about":[{"href":"https:\/\/hakaora.com\/en\/wp-json\/wp\/v2\/types\/product"}],"version-history":[{"count":3,"href":"https:\/\/hakaora.com\/en\/wp-json\/wp\/v2\/product\/8350\/revisions"}],"predecessor-version":[{"id":8372,"href":"https:\/\/hakaora.com\/en\/wp-json\/wp\/v2\/product\/8350\/revisions\/8372"}],"wp:featuredmedia":[{"embeddable":true,"href":"https:\/\/hakaora.com\/en\/wp-json\/wp\/v2\/media\/8351"}],"wp:attachment":[{"href":"https:\/\/hakaora.com\/en\/wp-json\/wp\/v2\/media?parent=8350"}],"wp:term":[{"taxonomy":"product_brand","embeddable":true,"href":"https:\/\/hakaora.com\/en\/wp-json\/wp\/v2\/product_brand?post=8350"},{"taxonomy":"product_cat","embeddable":true,"href":"https:\/\/hakaora.com\/en\/wp-json\/wp\/v2\/product_cat?post=8350"},{"taxonomy":"product_tag","embeddable":true,"href":"https:\/\/hakaora.com\/en\/wp-json\/wp\/v2\/product_tag?post=8350"}],"curies":[{"name":"wp","href":"https:\/\/api.w.org\/{rel}","templated":true}]}}