{"id":8368,"date":"2024-01-18T17:46:59","date_gmt":"2024-01-18T16:46:59","guid":{"rendered":"https:\/\/hakaora.com\/?post_type=product&#038;p=8368"},"modified":"2024-01-18T17:55:09","modified_gmt":"2024-01-18T16:55:09","slug":"canne-a-poudrer-les-gants","status":"publish","type":"product","link":"https:\/\/hakaora.com\/en\/product\/canne-a-poudrer-les-gants\/","title":{"rendered":"Canne \u00e0 poudrer les gants"},"content":{"rendered":"<p>Cette canne de Dame permettait de mettre de la poudre \u00e0 l\u2019int\u00e9rieur des gants.<br \/>\nLe pommeau en laiton se d\u00e9visse r\u00e9v\u00e9lant l&rsquo;attache-poudre perfor\u00e9e qui s&rsquo;ins\u00e8re dans les doigts des gants.<br \/>\nCela permet d&rsquo;y saupoudrer de la poudre.<br \/>\nLe \u00ab doigt \u00bb en laiton peut \u00e9galement \u00eatre d\u00e9viss\u00e9 du fut faisant office de r\u00e9servoir pour la poudre. <\/p>","protected":false},"excerpt":{"rendered":"<p>C 5<\/p>","protected":false},"featured_media":8369,"template":"","meta":[],"product_brand":[],"product_cat":[49],"product_tag":[],"class_list":{"0":"post-8368","1":"product","2":"type-product","3":"status-publish","4":"has-post-thumbnail","6":"product_cat-autres-systemes","8":"first","9":"instock","10":"shipping-taxable","11":"purchasable","12":"product-type-simple"},"_links":{"self":[{"href":"https:\/\/hakaora.com\/en\/wp-json\/wp\/v2\/product\/8368","targetHints":{"allow":["GET"]}}],"collection":[{"href":"https:\/\/hakaora.com\/en\/wp-json\/wp\/v2\/product"}],"about":[{"href":"https:\/\/hakaora.com\/en\/wp-json\/wp\/v2\/types\/product"}],"version-history":[{"count":1,"href":"https:\/\/hakaora.com\/en\/wp-json\/wp\/v2\/product\/8368\/revisions"}],"predecessor-version":[{"id":8370,"href":"https:\/\/hakaora.com\/en\/wp-json\/wp\/v2\/product\/8368\/revisions\/8370"}],"wp:featuredmedia":[{"embeddable":true,"href":"https:\/\/hakaora.com\/en\/wp-json\/wp\/v2\/media\/8369"}],"wp:attachment":[{"href":"https:\/\/hakaora.com\/en\/wp-json\/wp\/v2\/media?parent=8368"}],"wp:term":[{"taxonomy":"product_brand","embeddable":true,"href":"https:\/\/hakaora.com\/en\/wp-json\/wp\/v2\/product_brand?post=8368"},{"taxonomy":"product_cat","embeddable":true,"href":"https:\/\/hakaora.com\/en\/wp-json\/wp\/v2\/product_cat?post=8368"},{"taxonomy":"product_tag","embeddable":true,"href":"https:\/\/hakaora.com\/en\/wp-json\/wp\/v2\/product_tag?post=8368"}],"curies":[{"name":"wp","href":"https:\/\/api.w.org\/{rel}","templated":true}]}}