{"id":8380,"date":"2024-10-15T18:05:10","date_gmt":"2024-10-15T16:05:10","guid":{"rendered":"https:\/\/hakaora.com\/?post_type=product&#038;p=8380"},"modified":"2024-10-15T18:32:47","modified_gmt":"2024-10-15T16:32:47","slug":"canne-sunday-club-4","status":"publish","type":"product","link":"https:\/\/hakaora.com\/en\/product\/canne-sunday-club-4\/","title":{"rendered":"Sunday club"},"content":{"rendered":"<p>Les cannes sunday club, sous l\u2019allure de cannes traditionnelles, \u00e9taient utilis\u00e9e le jour du sabbat lorsque la pratique du golf \u00e9tait prohib\u00e9e.<\/p>","protected":false},"excerpt":{"rendered":"<p>C 3<\/p>","protected":false},"featured_media":8381,"template":"","meta":[],"product_brand":[],"product_cat":[49,74,38,29],"product_tag":[],"class_list":{"0":"post-8380","1":"product","2":"type-product","3":"status-publish","4":"has-post-thumbnail","6":"product_cat-autres-systemes","7":"product_cat-c-3-250-a-350-e","8":"product_cat-cannes","9":"product_cat-cannes-divers","11":"first","12":"instock","13":"shipping-taxable","14":"purchasable","15":"product-type-simple"},"_links":{"self":[{"href":"https:\/\/hakaora.com\/en\/wp-json\/wp\/v2\/product\/8380","targetHints":{"allow":["GET"]}}],"collection":[{"href":"https:\/\/hakaora.com\/en\/wp-json\/wp\/v2\/product"}],"about":[{"href":"https:\/\/hakaora.com\/en\/wp-json\/wp\/v2\/types\/product"}],"version-history":[{"count":1,"href":"https:\/\/hakaora.com\/en\/wp-json\/wp\/v2\/product\/8380\/revisions"}],"predecessor-version":[{"id":8382,"href":"https:\/\/hakaora.com\/en\/wp-json\/wp\/v2\/product\/8380\/revisions\/8382"}],"wp:featuredmedia":[{"embeddable":true,"href":"https:\/\/hakaora.com\/en\/wp-json\/wp\/v2\/media\/8381"}],"wp:attachment":[{"href":"https:\/\/hakaora.com\/en\/wp-json\/wp\/v2\/media?parent=8380"}],"wp:term":[{"taxonomy":"product_brand","embeddable":true,"href":"https:\/\/hakaora.com\/en\/wp-json\/wp\/v2\/product_brand?post=8380"},{"taxonomy":"product_cat","embeddable":true,"href":"https:\/\/hakaora.com\/en\/wp-json\/wp\/v2\/product_cat?post=8380"},{"taxonomy":"product_tag","embeddable":true,"href":"https:\/\/hakaora.com\/en\/wp-json\/wp\/v2\/product_tag?post=8380"}],"curies":[{"name":"wp","href":"https:\/\/api.w.org\/{rel}","templated":true}]}}