{"id":8392,"date":"2024-10-15T18:23:00","date_gmt":"2024-10-15T16:23:00","guid":{"rendered":"https:\/\/hakaora.com\/?post_type=product&#038;p=8392"},"modified":"2024-10-15T18:33:56","modified_gmt":"2024-10-15T16:33:56","slug":"8392","status":"publish","type":"product","link":"https:\/\/hakaora.com\/en\/product\/8392\/","title":{"rendered":"Canne russe"},"content":{"rendered":"<p>Canne d&rsquo;origine russe<br \/>\nPommeau en jade nephrite<br \/>\nBague mont\u00e9e en argent dor\u00e9 et \u00e9mail<\/p>","protected":false},"excerpt":{"rendered":"<p>C 5<\/p>","protected":false},"featured_media":8393,"template":"","meta":[],"product_brand":[],"product_cat":[48,76,26],"product_tag":[],"class_list":{"0":"post-8392","1":"product","2":"type-product","3":"status-publish","4":"has-post-thumbnail","6":"product_cat-autres-pommeaux","7":"product_cat-c-5-plus-de-500-e","8":"product_cat-cannes-a-pommeau","10":"first","11":"instock","12":"shipping-taxable","13":"purchasable","14":"product-type-simple"},"_links":{"self":[{"href":"https:\/\/hakaora.com\/en\/wp-json\/wp\/v2\/product\/8392","targetHints":{"allow":["GET"]}}],"collection":[{"href":"https:\/\/hakaora.com\/en\/wp-json\/wp\/v2\/product"}],"about":[{"href":"https:\/\/hakaora.com\/en\/wp-json\/wp\/v2\/types\/product"}],"version-history":[{"count":2,"href":"https:\/\/hakaora.com\/en\/wp-json\/wp\/v2\/product\/8392\/revisions"}],"predecessor-version":[{"id":8396,"href":"https:\/\/hakaora.com\/en\/wp-json\/wp\/v2\/product\/8392\/revisions\/8396"}],"wp:featuredmedia":[{"embeddable":true,"href":"https:\/\/hakaora.com\/en\/wp-json\/wp\/v2\/media\/8393"}],"wp:attachment":[{"href":"https:\/\/hakaora.com\/en\/wp-json\/wp\/v2\/media?parent=8392"}],"wp:term":[{"taxonomy":"product_brand","embeddable":true,"href":"https:\/\/hakaora.com\/en\/wp-json\/wp\/v2\/product_brand?post=8392"},{"taxonomy":"product_cat","embeddable":true,"href":"https:\/\/hakaora.com\/en\/wp-json\/wp\/v2\/product_cat?post=8392"},{"taxonomy":"product_tag","embeddable":true,"href":"https:\/\/hakaora.com\/en\/wp-json\/wp\/v2\/product_tag?post=8392"}],"curies":[{"name":"wp","href":"https:\/\/api.w.org\/{rel}","templated":true}]}}