{"id":86,"date":"2018-08-27T17:12:42","date_gmt":"2018-08-27T15:12:42","guid":{"rendered":"http:\/\/hakaora.com\/?post_type=product&#038;p=86"},"modified":"2019-03-20T11:35:07","modified_gmt":"2019-03-20T10:35:07","slug":"canne-fusil","status":"publish","type":"product","link":"https:\/\/hakaora.com\/en\/product\/canne-fusil\/","title":{"rendered":"Pneumatic air shooting cane"},"content":{"rendered":"<p>Voici un rare exemple de canne fusil \u00e0 air comprim\u00e9.<\/p>\n<p>Elle date de la fin du XIX si\u00e8cle et est de fabrication Anglaise.<\/p>\n<p>Son usage \u00e9tait plus r\u00e9cr\u00e9atif que d\u00e9fensif. En effet le temps de chargement avec le syst\u00e8me de pompe est tr\u00e8s long.<\/p>\n<p>Vous souhaitez plus d&rsquo;information sur cette canne, je vous invite \u00e0 visiter le site suivant : <a href=\"https:\/\/fr.scribd.com\/document\/39499030\/The-Walking-Stick-Airgun\">The walking stick airgun<\/a><\/p>","protected":false},"excerpt":{"rendered":"<p>C 5<\/p>","protected":false},"featured_media":1455,"template":"","meta":[],"product_brand":[],"product_cat":[76,25,39,15],"product_tag":[],"class_list":{"0":"post-86","1":"product","2":"type-product","3":"status-publish","4":"has-post-thumbnail","6":"product_cat-c-5-plus-de-500-e","7":"product_cat-cannes-a-systeme","8":"product_cat-cannes-de-defense","9":"product_cat-collections","11":"first","12":"instock","13":"shipping-taxable","14":"purchasable","15":"product-type-simple"},"_links":{"self":[{"href":"https:\/\/hakaora.com\/en\/wp-json\/wp\/v2\/product\/86","targetHints":{"allow":["GET"]}}],"collection":[{"href":"https:\/\/hakaora.com\/en\/wp-json\/wp\/v2\/product"}],"about":[{"href":"https:\/\/hakaora.com\/en\/wp-json\/wp\/v2\/types\/product"}],"version-history":[{"count":4,"href":"https:\/\/hakaora.com\/en\/wp-json\/wp\/v2\/product\/86\/revisions"}],"predecessor-version":[{"id":1766,"href":"https:\/\/hakaora.com\/en\/wp-json\/wp\/v2\/product\/86\/revisions\/1766"}],"wp:featuredmedia":[{"embeddable":true,"href":"https:\/\/hakaora.com\/en\/wp-json\/wp\/v2\/media\/1455"}],"wp:attachment":[{"href":"https:\/\/hakaora.com\/en\/wp-json\/wp\/v2\/media?parent=86"}],"wp:term":[{"taxonomy":"product_brand","embeddable":true,"href":"https:\/\/hakaora.com\/en\/wp-json\/wp\/v2\/product_brand?post=86"},{"taxonomy":"product_cat","embeddable":true,"href":"https:\/\/hakaora.com\/en\/wp-json\/wp\/v2\/product_cat?post=86"},{"taxonomy":"product_tag","embeddable":true,"href":"https:\/\/hakaora.com\/en\/wp-json\/wp\/v2\/product_tag?post=86"}],"curies":[{"name":"wp","href":"https:\/\/api.w.org\/{rel}","templated":true}]}}