{"id":966,"date":"2018-09-14T15:06:58","date_gmt":"2018-09-14T13:06:58","guid":{"rendered":"https:\/\/hakaora.com\/?post_type=product&#038;p=966"},"modified":"2019-03-13T10:19:04","modified_gmt":"2019-03-13T09:19:04","slug":"canne-epee","status":"publish","type":"product","link":"https:\/\/hakaora.com\/en\/product\/canne-epee\/","title":{"rendered":"Sword stick"},"content":{"rendered":"<p>Rare canne \u00e9p\u00e9e \u00e0 lame \u00e0 4 pants.<\/p>\n<p>Syst\u00e8me de bouton pour lib\u00e9rer l&rsquo;\u00e9p\u00e9e.<\/p>","protected":false},"excerpt":{"rendered":"<p>C 4<\/p>","protected":false},"featured_media":968,"template":"","meta":[],"product_brand":[],"product_cat":[75,39],"product_tag":[],"class_list":{"0":"post-966","1":"product","2":"type-product","3":"status-publish","4":"has-post-thumbnail","6":"product_cat-c-4-350-a-500-e","7":"product_cat-cannes-de-defense","9":"first","10":"instock","11":"shipping-taxable","12":"purchasable","13":"product-type-simple"},"_links":{"self":[{"href":"https:\/\/hakaora.com\/en\/wp-json\/wp\/v2\/product\/966","targetHints":{"allow":["GET"]}}],"collection":[{"href":"https:\/\/hakaora.com\/en\/wp-json\/wp\/v2\/product"}],"about":[{"href":"https:\/\/hakaora.com\/en\/wp-json\/wp\/v2\/types\/product"}],"version-history":[{"count":2,"href":"https:\/\/hakaora.com\/en\/wp-json\/wp\/v2\/product\/966\/revisions"}],"predecessor-version":[{"id":1636,"href":"https:\/\/hakaora.com\/en\/wp-json\/wp\/v2\/product\/966\/revisions\/1636"}],"wp:featuredmedia":[{"embeddable":true,"href":"https:\/\/hakaora.com\/en\/wp-json\/wp\/v2\/media\/968"}],"wp:attachment":[{"href":"https:\/\/hakaora.com\/en\/wp-json\/wp\/v2\/media?parent=966"}],"wp:term":[{"taxonomy":"product_brand","embeddable":true,"href":"https:\/\/hakaora.com\/en\/wp-json\/wp\/v2\/product_brand?post=966"},{"taxonomy":"product_cat","embeddable":true,"href":"https:\/\/hakaora.com\/en\/wp-json\/wp\/v2\/product_cat?post=966"},{"taxonomy":"product_tag","embeddable":true,"href":"https:\/\/hakaora.com\/en\/wp-json\/wp\/v2\/product_tag?post=966"}],"curies":[{"name":"wp","href":"https:\/\/api.w.org\/{rel}","templated":true}]}}