{"id":970,"date":"2018-09-14T15:09:17","date_gmt":"2018-09-14T13:09:17","guid":{"rendered":"https:\/\/hakaora.com\/?post_type=product&#038;p=970"},"modified":"2019-03-13T10:07:09","modified_gmt":"2019-03-13T09:07:09","slug":"canne-epee-2","status":"publish","type":"product","link":"https:\/\/hakaora.com\/en\/product\/canne-epee-2\/","title":{"rendered":"Sword stick"},"content":{"rendered":"<p>Traditionnelle canne \u00e9p\u00e9e d&rsquo;origine fran\u00e7aise, avec son fut en bambou.<\/p>\n<p>Un syst\u00e8me par friction permet aux deux parties de la canne de s&rsquo;assembler.<\/p>\n<p>La lame est triangulaire<\/p>","protected":false},"excerpt":{"rendered":"<p>C 2<\/p>","protected":false},"featured_media":967,"template":"","meta":[],"product_brand":[],"product_cat":[73,39],"product_tag":[],"class_list":{"0":"post-970","1":"product","2":"type-product","3":"status-publish","4":"has-post-thumbnail","6":"product_cat-c-2-150-a-250-e","7":"product_cat-cannes-de-defense","9":"first","10":"instock","11":"shipping-taxable","12":"purchasable","13":"product-type-simple"},"_links":{"self":[{"href":"https:\/\/hakaora.com\/en\/wp-json\/wp\/v2\/product\/970","targetHints":{"allow":["GET"]}}],"collection":[{"href":"https:\/\/hakaora.com\/en\/wp-json\/wp\/v2\/product"}],"about":[{"href":"https:\/\/hakaora.com\/en\/wp-json\/wp\/v2\/types\/product"}],"version-history":[{"count":2,"href":"https:\/\/hakaora.com\/en\/wp-json\/wp\/v2\/product\/970\/revisions"}],"predecessor-version":[{"id":1637,"href":"https:\/\/hakaora.com\/en\/wp-json\/wp\/v2\/product\/970\/revisions\/1637"}],"wp:featuredmedia":[{"embeddable":true,"href":"https:\/\/hakaora.com\/en\/wp-json\/wp\/v2\/media\/967"}],"wp:attachment":[{"href":"https:\/\/hakaora.com\/en\/wp-json\/wp\/v2\/media?parent=970"}],"wp:term":[{"taxonomy":"product_brand","embeddable":true,"href":"https:\/\/hakaora.com\/en\/wp-json\/wp\/v2\/product_brand?post=970"},{"taxonomy":"product_cat","embeddable":true,"href":"https:\/\/hakaora.com\/en\/wp-json\/wp\/v2\/product_cat?post=970"},{"taxonomy":"product_tag","embeddable":true,"href":"https:\/\/hakaora.com\/en\/wp-json\/wp\/v2\/product_tag?post=970"}],"curies":[{"name":"wp","href":"https:\/\/api.w.org\/{rel}","templated":true}]}}