{"id":991,"date":"2018-09-14T15:34:20","date_gmt":"2018-09-14T13:34:20","guid":{"rendered":"https:\/\/hakaora.com\/?post_type=product&#038;p=991"},"modified":"2019-03-13T10:08:36","modified_gmt":"2019-03-13T09:08:36","slug":"canne-parapluie-2","status":"publish","type":"product","link":"https:\/\/hakaora.com\/en\/product\/canne-parapluie-2\/","title":{"rendered":"umbrella cane"},"content":{"rendered":"<p>Pas fr\u00e9quent ce syst\u00e8me de canne parapluie cat le fut sert \u00e9galement de fut au parapluie.<\/p>\n<p>La toile fix\u00e9e sur les baleines \u00e9tait rang\u00e9e \u00e0 l&rsquo;int\u00e9rieur du fut de la canne.<\/p>\n<p>Malheureusement la toile est manquante.<\/p>","protected":false},"excerpt":{"rendered":"<p>C 3<\/p>","protected":false},"featured_media":992,"template":"","meta":[],"product_brand":[],"product_cat":[49,74],"product_tag":[],"class_list":{"0":"post-991","1":"product","2":"type-product","3":"status-publish","4":"has-post-thumbnail","6":"product_cat-autres-systemes","7":"product_cat-c-3-250-a-350-e","9":"first","10":"instock","11":"shipping-taxable","12":"purchasable","13":"product-type-simple"},"_links":{"self":[{"href":"https:\/\/hakaora.com\/en\/wp-json\/wp\/v2\/product\/991","targetHints":{"allow":["GET"]}}],"collection":[{"href":"https:\/\/hakaora.com\/en\/wp-json\/wp\/v2\/product"}],"about":[{"href":"https:\/\/hakaora.com\/en\/wp-json\/wp\/v2\/types\/product"}],"version-history":[{"count":2,"href":"https:\/\/hakaora.com\/en\/wp-json\/wp\/v2\/product\/991\/revisions"}],"predecessor-version":[{"id":1645,"href":"https:\/\/hakaora.com\/en\/wp-json\/wp\/v2\/product\/991\/revisions\/1645"}],"wp:featuredmedia":[{"embeddable":true,"href":"https:\/\/hakaora.com\/en\/wp-json\/wp\/v2\/media\/992"}],"wp:attachment":[{"href":"https:\/\/hakaora.com\/en\/wp-json\/wp\/v2\/media?parent=991"}],"wp:term":[{"taxonomy":"product_brand","embeddable":true,"href":"https:\/\/hakaora.com\/en\/wp-json\/wp\/v2\/product_brand?post=991"},{"taxonomy":"product_cat","embeddable":true,"href":"https:\/\/hakaora.com\/en\/wp-json\/wp\/v2\/product_cat?post=991"},{"taxonomy":"product_tag","embeddable":true,"href":"https:\/\/hakaora.com\/en\/wp-json\/wp\/v2\/product_tag?post=991"}],"curies":[{"name":"wp","href":"https:\/\/api.w.org\/{rel}","templated":true}]}}