{"id":998,"date":"2018-09-14T15:37:02","date_gmt":"2018-09-14T13:37:02","guid":{"rendered":"https:\/\/hakaora.com\/?post_type=product&#038;p=998"},"modified":"2019-03-13T10:09:18","modified_gmt":"2019-03-13T09:09:18","slug":"canne-de-policeman-2","status":"publish","type":"product","link":"https:\/\/hakaora.com\/en\/product\/canne-de-policeman-2\/","title":{"rendered":"Policeman cane"},"content":{"rendered":"<p>Canne plus r\u00e9cente que l&rsquo;autre modele pr\u00e9sent\u00e9. Son poids est plus l\u00e9ger.<\/p>","protected":false},"excerpt":{"rendered":"<p>C 2<\/p>","protected":false},"featured_media":999,"template":"","meta":[],"product_brand":[],"product_cat":[73,39,29],"product_tag":[],"class_list":{"0":"post-998","1":"product","2":"type-product","3":"status-publish","4":"has-post-thumbnail","6":"product_cat-c-2-150-a-250-e","7":"product_cat-cannes-de-defense","8":"product_cat-cannes-divers","10":"first","11":"instock","12":"shipping-taxable","13":"purchasable","14":"product-type-simple"},"_links":{"self":[{"href":"https:\/\/hakaora.com\/en\/wp-json\/wp\/v2\/product\/998","targetHints":{"allow":["GET"]}}],"collection":[{"href":"https:\/\/hakaora.com\/en\/wp-json\/wp\/v2\/product"}],"about":[{"href":"https:\/\/hakaora.com\/en\/wp-json\/wp\/v2\/types\/product"}],"version-history":[{"count":2,"href":"https:\/\/hakaora.com\/en\/wp-json\/wp\/v2\/product\/998\/revisions"}],"predecessor-version":[{"id":1647,"href":"https:\/\/hakaora.com\/en\/wp-json\/wp\/v2\/product\/998\/revisions\/1647"}],"wp:featuredmedia":[{"embeddable":true,"href":"https:\/\/hakaora.com\/en\/wp-json\/wp\/v2\/media\/999"}],"wp:attachment":[{"href":"https:\/\/hakaora.com\/en\/wp-json\/wp\/v2\/media?parent=998"}],"wp:term":[{"taxonomy":"product_brand","embeddable":true,"href":"https:\/\/hakaora.com\/en\/wp-json\/wp\/v2\/product_brand?post=998"},{"taxonomy":"product_cat","embeddable":true,"href":"https:\/\/hakaora.com\/en\/wp-json\/wp\/v2\/product_cat?post=998"},{"taxonomy":"product_tag","embeddable":true,"href":"https:\/\/hakaora.com\/en\/wp-json\/wp\/v2\/product_tag?post=998"}],"curies":[{"name":"wp","href":"https:\/\/api.w.org\/{rel}","templated":true}]}}